{"id":870,"date":"2024-02-27T14:39:44","date_gmt":"2024-02-27T14:39:44","guid":{"rendered":"https:\/\/clara.mauvestudio.co\/?page_id=870"},"modified":"2026-04-16T11:51:20","modified_gmt":"2026-04-16T11:51:20","slug":"coming-soon","status":"publish","type":"page","link":"https:\/\/sanghamotion.com\/es_es\/coming-soon\/","title":{"rendered":"Coming Soon"},"content":{"rendered":"\t\t<div data-elementor-type=\"wp-page\" data-elementor-id=\"870\" class=\"elementor elementor-870\" data-elementor-post-type=\"page\">\n\t\t\t\t<div class=\"elementor-element elementor-element-a616a4c darkbg e-flex e-con-boxed e-con e-parent\" data-id=\"a616a4c\" data-element_type=\"container\" data-e-type=\"container\" data-settings=\"{&quot;background_background&quot;:&quot;classic&quot;}\">\n\t\t\t\t\t<div class=\"e-con-inner\">\n\t\t<div class=\"elementor-element elementor-element-a8d7c78 e-con-full e-flex e-con e-child\" data-id=\"a8d7c78\" data-element_type=\"container\" data-e-type=\"container\" data-settings=\"{&quot;mauve_ext_is_background_parallax&quot;:&quot;false&quot;}\">\n\t\t\t\t<div class=\"elementor-element elementor-element-619092d elementor-widget elementor-widget-heading\" data-id=\"619092d\" data-element_type=\"widget\" data-e-type=\"widget\" data-settings=\"{&quot;mauve_hidepaged&quot;:&quot;false&quot;}\" data-widget_type=\"heading.default\">\n\t\t\t\t\t<h4 class=\"elementor-heading-title elementor-size-default\"><b><u>PR\u00d3XIMAMENTE<\/u><\/b><\/h4>\t\t\t\t<\/div>\n\t\t\t\t<\/div>\n\t\t\t\t<div class=\"elementor-element elementor-element-a58e2d6 animated-slow elementor-widget__width-initial mauve-separator-align-center elementor-widget elementor-widget-mauve-fancy_heading\" data-id=\"a58e2d6\" data-element_type=\"widget\" data-e-type=\"widget\" data-settings=\"{&quot;_animation&quot;:&quot;none&quot;,&quot;mauve_hidepaged&quot;:&quot;false&quot;}\" data-widget_type=\"mauve-fancy_heading.default\">\n\t\t\t\t<div class=\"elementor-widget-container\">\n\t\t\t\t\t\t\t<div class=\"mauve-fancy-heading mauve-heading-text-center\">\n\t\t\t<div class=\"mauve-fancy-heading-inner\">\n\t\t\t\t<div class=\"mauve-heading-subtitle\">clases reales para cuerpos reales<\/div><h1 class=\"mauve-heading-title\">sangha estudio<\/h1><div class=\"mauve-heading-content entry-content\"><p>pr\u00e1cticas creadas para una transformaci\u00f3n cuerpo y mente sostenida en el tiempo<\/p>\n<\/div>\t\t\t<\/div>\n\t\t<\/div>\n\t\t\t\t\t\t<\/div>\n\t\t\t\t<\/div>\n\t\t\t\t<div class=\"elementor-element elementor-element-53ee173 elementor-widget-mobile__width-inherit mauve-social-media-align-center elementor-widget elementor-widget-mauve-social-media\" data-id=\"53ee173\" data-element_type=\"widget\" data-e-type=\"widget\" data-settings=\"{&quot;mauve_hidepaged&quot;:&quot;false&quot;}\" data-widget_type=\"mauve-social-media.default\">\n\t\t\t\t<div class=\"elementor-widget-container\">\n\t\t\t\t\t\t\t\r\n\t\t<div class=\"ms-socials social-icons\">\r\n\t\t\t<a aria-label=\"icon-instagram\" class=\"no-grid-icons flex-center icon-instagram\" href=\"https:\/\/instagram.com\/neeusalcaraz\" target=\"_blank\" rel=\"noopener\"><span class=\"icon-wrap\"><i class=\"ms ms-instagram\"><\/i><\/span>\r\n\t\t<\/a>\r\n\t\r\n\t<\/div>\r\n\t\t\r\n\t\t\t\t\t\t<\/div>\n\t\t\t\t<\/div>\n\t\t\t\t\t<\/div>\n\t\t\t\t<\/div>\n\t\t<div class=\"elementor-element elementor-element-b18f890 e-flex e-con-boxed e-con e-parent\" data-id=\"b18f890\" data-element_type=\"container\" data-e-type=\"container\" data-settings=\"{&quot;mauve_ext_is_background_parallax&quot;:&quot;false&quot;}\">\n\t\t\t\t\t<div class=\"e-con-inner\">\n\t\t\t\t<div class=\"elementor-element elementor-element-51a8083 animated-slow elementor-widget__width-inherit elementor-widget-tablet_extra__width-initial mauve-separator-align-center elementor-widget elementor-widget-mauve-fancy_heading\" data-id=\"51a8083\" data-element_type=\"widget\" data-e-type=\"widget\" data-settings=\"{&quot;_animation&quot;:&quot;none&quot;,&quot;mauve_hidepaged&quot;:&quot;false&quot;}\" data-widget_type=\"mauve-fancy_heading.default\">\n\t\t\t\t<div class=\"elementor-widget-container\">\n\t\t\t\t\t\t\t<div class=\"mauve-fancy-heading mauve-heading-text-center\">\n\t\t\t<div class=\"mauve-fancy-heading-inner\">\n\t\t\t\t<div class=\"mauve-heading-subtitle\">Pero mientras tanto, te adelanto algo:<\/div><h2 class=\"mauve-heading-title\">Qu\u00e9 encontrar\u00e1s en el estudio<\/h2>\t\t\t<\/div>\n\t\t<\/div>\n\t\t\t\t\t\t<\/div>\n\t\t\t\t<\/div>\n\t\t\t\t\t<\/div>\n\t\t\t\t<\/div>\n\t\t<div class=\"elementor-element elementor-element-5ac7516 e-flex e-con-boxed e-con e-parent\" data-id=\"5ac7516\" data-element_type=\"container\" data-e-type=\"container\" data-settings=\"{&quot;mauve_ext_is_background_parallax&quot;:&quot;false&quot;}\">\n\t\t\t\t\t<div class=\"e-con-inner\">\n\t\t\t\t<div class=\"elementor-element elementor-element-f81da75 elementor-widget elementor-widget-mauve-testimonial-carousel\" data-id=\"f81da75\" data-element_type=\"widget\" data-e-type=\"widget\" data-settings=\"{&quot;mauve_hidepaged&quot;:&quot;false&quot;}\" data-widget_type=\"mauve-testimonial-carousel.default\">\n\t\t\t\t<div class=\"elementor-widget-container\">\n\t\t\t\t\t<div class=\"testimonials-carousel-wrapper carousel-wrap centermodefalse\">\n\t<div class=\"swipercarousel swiper testimonials-container\" data-center=\"false\" data-margin=\"23\" data-items=\"1\" data-tablet=\"1\" data-mobile=\"1\" data-pagination=\"true\" data-auto-play=\"false\" data-auto-height=\"false\"  data-nav=\"true\" data-effect=\"false\" data-auto-play-timeout=\"8000\">\n<div class=\"swiper-wrapper\">\t\t\t<div class=\"swiper-slide item\">\n\t\t\t\t<div class=\"shadow-effect\">\n\t\t\t\t\t\t\t\t\t\t<div class=\"testimonial-info-title\">\n\t\t\t\t\t\t\tBiblioteca de clases\t\t\t\t\t\t<\/div>\n\t\t\t\t\t\t\t\t\t\t\n\t\t          \t\t\t\t\t\t\t<div class=\"testimonial-info-desc\">\n\t\t\t\t\t\t\tTe ofrezco una biblioteca de clases que se va a ir construyendo poco a poco con las nuevas pr\u00e1cticas. Podr\u00e1s acceder a ella por estilos o por objetivos, seg\u00fan lo que te apetezca trabajar en cada momento.\n\t\t\t\t\t\t<\/div>\n\t\t\t\t\t\t\t\t\t\t\n\t\t\t\t\t\t\t\t\t\t\n\t\t\t\t\t\t\t\t<\/div>\n\t\t<\/div>\n\t\t\t<div class=\"swiper-slide item\">\n\t\t\t\t<div class=\"shadow-effect\">\n\t\t\t\t\t\t\t\t\t\t<div class=\"testimonial-info-title\">\n\t\t\t\t\t\t\tCalendario mensual\t\t\t\t\t\t<\/div>\n\t\t\t\t\t\t\t\t\t\t\n\t\t          \t\t\t\t\t\t\t<div class=\"testimonial-info-desc\">\n\t\t\t\t\t\t\tNo quiero que te pierdas detr\u00e1s de una pantalla. Te propongo un calendario mensual para que puedas seguir las clases que te propongo.\t\t\t\t\t\t<\/div>\n\t\t\t\t\t\t\t\t\t\t\n\t\t\t\t\t\t\t\t\t\t\n\t\t\t\t\t\t\t\t<\/div>\n\t\t<\/div>\n\t\t\t<div class=\"swiper-slide item\">\n\t\t\t\t<div class=\"shadow-effect\">\n\t\t\t\t\t\t\t\t\t\t<div class=\"testimonial-info-title\">\n\t\t\t\t\t\t\tDirectos\t\t\t\t\t\t<\/div>\n\t\t\t\t\t\t\t\t\t\t\n\t\t          \t\t\t\t\t\t\t<div class=\"testimonial-info-desc\">\n\t\t\t\t\t\t\tIniciamos con un directo por mes, para poder veros y compartir la energ\u00eda en comunidad.\t\t\t\t\t\t<\/div>\n\t\t\t\t\t\t\t\t\t\t\n\t\t\t\t\t\t\t\t\t\t\n\t\t\t\t\t\t\t\t<\/div>\n\t\t<\/div>\n\t\t\t<div class=\"swiper-slide item\">\n\t\t\t\t<div class=\"shadow-effect\">\n\t\t\t\t\t\t\t\t\t\t<div class=\"testimonial-info-title\">\n\t\t\t\t\t\t\tPosibilidad de complementar tu pr\u00e1ctica con sesiones individuales\t\t\t\t\t\t<\/div>\n\t\t\t\t\t\t\t\t\t\t\n\t\t          \t\t\t\t\t\t\t<div class=\"testimonial-info-desc\">\n\t\t\t\t\t\t\tLa posibilidad de poder complementar tu subscripci\u00f3n. con sesiones individuales. Para resolver dudas, adaptar tu calendario o tener una gu\u00eda m\u00e1s concrata.\t\t\t\t\t\t<\/div>\n\t\t\t\t\t\t\t\t\t\t\n\t\t\t\t\t\t\t\t\t\t\n\t\t\t\t\t\t\t\t<\/div>\n\t\t<\/div>\n<\/div><div class=\"swiper-pagination testi-pagination\"><\/div><div class=\"ms-swiper-button-prev\"><\/div><div class=\"ms-swiper-button-next\"><\/div>\t<\/div>\n<\/div>\n\t\t\t\t<\/div>\n\t\t\t\t<\/div>\n\t\t\t\t\t<\/div>\n\t\t\t\t<\/div>\n\t\t\t\t<\/div>\n\t\t","protected":false},"excerpt":{"rendered":"<p>PR\u00d3XIMAMENTE clases reales para cuerpos reales sangha estudio pr\u00e1cticas creadas para una transformaci\u00f3n cuerpo y mente sostenida en el tiempo Pero mientras tanto, te adelanto algo: Qu\u00e9 encontrar\u00e1s en el estudio Biblioteca de clases Te ofrezco una biblioteca de clases que se va a ir construyendo poco a poco con las nuevas pr\u00e1cticas. Podr\u00e1s acceder a ella por estilos o por objetivos, seg\u00fan lo que te apetezca trabajar en cada momento. Calendario mensual No quiero que te pierdas detr\u00e1s de una pantalla. Te propongo un calendario mensual para que puedas seguir las clases que te propongo. Directos Iniciamos con un directo por mes, para poder veros y compartir la energ\u00eda en comunidad. Posibilidad de complementar tu pr\u00e1ctica con sesiones individuales La posibilidad de poder complementar tu subscripci\u00f3n. con sesiones individuales. Para resolver dudas, adaptar tu calendario o tener una gu\u00eda m\u00e1s concrata.<\/p>","protected":false},"author":1,"featured_media":0,"parent":0,"menu_order":0,"comment_status":"closed","ping_status":"closed","template":"","meta":{"footnotes":""},"categories":[],"tags":[],"class_list":["post-870","page","type-page","status-publish","hentry"],"_links":{"self":[{"href":"https:\/\/sanghamotion.com\/es_es\/wp-json\/wp\/v2\/pages\/870","targetHints":{"allow":["GET"]}}],"collection":[{"href":"https:\/\/sanghamotion.com\/es_es\/wp-json\/wp\/v2\/pages"}],"about":[{"href":"https:\/\/sanghamotion.com\/es_es\/wp-json\/wp\/v2\/types\/page"}],"author":[{"embeddable":true,"href":"https:\/\/sanghamotion.com\/es_es\/wp-json\/wp\/v2\/users\/1"}],"replies":[{"embeddable":true,"href":"https:\/\/sanghamotion.com\/es_es\/wp-json\/wp\/v2\/comments?post=870"}],"version-history":[{"count":27,"href":"https:\/\/sanghamotion.com\/es_es\/wp-json\/wp\/v2\/pages\/870\/revisions"}],"predecessor-version":[{"id":7577,"href":"https:\/\/sanghamotion.com\/es_es\/wp-json\/wp\/v2\/pages\/870\/revisions\/7577"}],"wp:attachment":[{"href":"https:\/\/sanghamotion.com\/es_es\/wp-json\/wp\/v2\/media?parent=870"}],"wp:term":[{"taxonomy":"category","embeddable":true,"href":"https:\/\/sanghamotion.com\/es_es\/wp-json\/wp\/v2\/categories?post=870"},{"taxonomy":"post_tag","embeddable":true,"href":"https:\/\/sanghamotion.com\/es_es\/wp-json\/wp\/v2\/tags?post=870"}],"curies":[{"name":"wp","href":"https:\/\/api.w.org\/{rel}","templated":true}]}}