{"id":792,"date":"2025-02-02T00:21:23","date_gmt":"2025-02-02T00:21:23","guid":{"rendered":"https:\/\/clara.mauvestudio.co\/?page_id=792"},"modified":"2025-12-05T00:57:28","modified_gmt":"2025-12-05T00:57:28","slug":"refund_returns-2","status":"publish","type":"page","link":"https:\/\/sanghamotion.com\/es_es\/refund_returns-2\/","title":{"rendered":"Pol\u00edtica de reembolso y devoluci\u00f3n"},"content":{"rendered":"\t\t<div data-elementor-type=\"wp-page\" data-elementor-id=\"792\" class=\"elementor elementor-792\" data-elementor-post-type=\"page\">\n\t\t\t\t<div class=\"elementor-element elementor-element-ad0fd6c e-flex e-con-boxed e-con e-parent\" data-id=\"ad0fd6c\" data-element_type=\"container\" data-e-type=\"container\" data-settings=\"{&quot;mauve_ext_is_background_parallax&quot;:&quot;false&quot;}\">\n\t\t\t\t\t<div class=\"e-con-inner\">\n\t\t\t\t<div class=\"elementor-element elementor-element-6e2fa32 animated-slow elementor-widget__width-initial elementor-widget-tablet_extra__width-initial mauve-separator-align-right mauve-separator-align-right mauve-separator-align-center elementor-widget-mobile_extra__width-initial elementor-widget-mobile__width-initial mauve-separator-align-center elementor-widget elementor-widget-mauve-fancy_heading\" data-id=\"6e2fa32\" data-element_type=\"widget\" data-e-type=\"widget\" data-settings=\"{&quot;_animation&quot;:&quot;none&quot;,&quot;mauve_hidepaged&quot;:&quot;false&quot;}\" data-widget_type=\"mauve-fancy_heading.default\">\n\t\t\t\t<div class=\"elementor-widget-container\">\n\t\t\t\t\t\t\t<div class=\"mauve-fancy-heading mauve-heading-text-center\">\n\t\t\t<div class=\"mauve-fancy-heading-inner\">\n\t\t\t\t<h2 class=\"mauve-heading-title\">Pol\u00edtica de reenbolso y devoluci\u00f3n<\/h2>\t\t\t<\/div>\n\t\t<\/div>\n\t\t\t\t\t\t<\/div>\n\t\t\t\t<\/div>\n\t\t\t\t\t<\/div>\n\t\t\t\t<\/div>\n\t\t<div class=\"elementor-element elementor-element-29c738f5 e-flex e-con-boxed e-con e-parent\" data-id=\"29c738f5\" data-element_type=\"container\" data-e-type=\"container\" data-settings=\"{&quot;mauve_ext_is_background_parallax&quot;:&quot;false&quot;}\">\n\t\t\t\t\t<div class=\"e-con-inner\">\n\t\t\t\t<div class=\"elementor-element elementor-element-65d93d6e elementor-widget elementor-widget-text-editor\" data-id=\"65d93d6e\" data-element_type=\"widget\" data-e-type=\"widget\" data-settings=\"{&quot;mauve_hidepaged&quot;:&quot;false&quot;}\" data-widget_type=\"text-editor.default\">\n\t\t\t\t\t\t\t\t\t<h5 style=\"text-align: center;\">En <strong data-start=\"354\" data-end=\"372\">Sangha estudio<\/strong> (<a href=\"https:\/\/sanghamotion.com\" target=\"_new\" rel=\"noopener\" data-start=\"374\" data-end=\"398\">https:\/\/sanghamotion.com<\/a>) ofrecemos <strong data-start=\"410\" data-end=\"469\">clases online y acceso a nuestra biblioteca de videos<\/strong>\u00a0como un servicio digital.<\/h5>\n<p><!-- \/wp:paragraph --><!-- wp:paragraph --><\/p>\n<p><b style=\"background-color: transparent; font-family: Butler, sans-serif; font-size: 24px;\">\u00a0<\/b><\/p>\n<p><b style=\"background-color: transparent; font-family: Butler, sans-serif; font-size: 24px;\">1. Sin reembolso ni devoluciones<\/b><\/p>\n<p><!-- \/wp:paragraph --><!-- wp:paragraph --><\/p>\n<ul data-start=\"541\" data-end=\"774\">\n<li data-start=\"541\" data-end=\"688\">\n<p data-start=\"543\" data-end=\"688\">Todos nuestros servicios online son <strong data-start=\"579\" data-end=\"602\">productos digitales<\/strong>, por lo que <strong data-start=\"615\" data-end=\"658\">no ofrecemos reembolsos ni devoluciones<\/strong> bajo ninguna circunstancia.<\/p>\n<\/li>\n<li data-start=\"689\" data-end=\"774\">\n<p data-start=\"691\" data-end=\"774\">Al acceder a nuestras clases o a la biblioteca de im\u00e1genes, aceptas esta condici\u00f3n.<\/p>\n<\/li>\n<\/ul>\n<div>\u00a0<\/div>\n<p><span style=\"font-weight: bold; background-color: transparent; font-family: Butler, sans-serif; font-size: 24px;\">2. Acceso y uso del servicio<\/span><\/p>\n<ul data-start=\"813\" data-end=\"1067\">\n<li data-start=\"813\" data-end=\"937\">\n<p data-start=\"815\" data-end=\"937\">Una vez adquirido el acceso, recibir\u00e1s las credenciales o el enlace correspondiente para disfrutar de nuestro contenido.<\/p>\n<\/li>\n<li data-start=\"938\" data-end=\"1067\">\n<p data-start=\"940\" data-end=\"1067\">Es tu responsabilidad asegurarte de que tu dispositivo y conexi\u00f3n a internet sean compatibles para utilizar nuestro servicio.<\/p>\n<\/li>\n<\/ul>\n<div>\n<p><span style=\"font-family: Butler, sans-serif;\"><span style=\"font-size: 24px;\"><b>3. Problemas t\u00e9cnicos<\/b><\/span><\/span><\/p>\n<\/div>\n<p style=\"box-sizing: border-box; margin: 0px; margin-block-end: 1rem; color: #313330; font-family: Poppins, sans-serif; font-size: 17px; font-style: normal; font-variant-ligatures: normal; font-variant-caps: normal; font-weight: 300; letter-spacing: normal; orphans: 2; text-align: start; text-indent: 0px; text-transform: none; widows: 2; word-spacing: 0px; -webkit-text-stroke-width: 0px; white-space: normal; background-color: #fffdf9; text-decoration-thickness: initial; text-decoration-style: initial; text-decoration-color: initial;\">\u00a0<\/p>\n<p><!-- \/wp:paragraph --><!-- wp:paragraph --><\/p>\n<ul>\n<li data-start=\"1099\" data-end=\"1224\">\n<p data-start=\"1101\" data-end=\"1224\">Si experimentas alg\u00fan problema t\u00e9cnico que impida acceder al contenido, por favor contacta a <b>info@sanghamotion.com<\/b>.<\/p>\n<\/li>\n<li data-start=\"1225\" data-end=\"1334\">\n<p data-start=\"1227\" data-end=\"1334\">Nos comprometemos a ofrecer soporte y soluciones t\u00e9cnicas, pero esto <strong data-start=\"1296\" data-end=\"1331\">no implica devoluci\u00f3n de dinero<\/strong>.<\/p>\n<\/li>\n<\/ul>\n<div>\n<p><span style=\"font-family: Butler, sans-serif;\"><span style=\"font-size: 24px;\"><b>4. Cambios en la pol\u00edtica<\/b><\/span><\/span><\/p>\n<\/div>\n<p><span style=\"background-color: transparent;\">Nos reservamos el derecho de actualizar esta pol\u00edtica en cualquier momento. Recomendamos revisarla peri\u00f3dicamente para estar al tanto de cualquier modificaci\u00f3n.<\/span><\/p>\n<p><!-- \/wp:paragraph --><\/p>\t\t\t\t\t\t\t\t<\/div>\n\t\t\t\t\t<\/div>\n\t\t\t\t<\/div>\n\t\t\t\t<\/div>\n\t\t","protected":false},"excerpt":{"rendered":"<p>Pol\u00edtica de reenbolso y devoluci\u00f3n En Sangha estudio (https:\/\/sanghamotion.com) ofrecemos clases online y acceso a nuestra biblioteca de videos\u00a0como un servicio digital. \u00a0 1. Sin reembolso ni devoluciones Todos nuestros servicios online son productos digitales, por lo que no ofrecemos reembolsos ni devoluciones bajo ninguna circunstancia. Al acceder a nuestras clases o a la biblioteca de im\u00e1genes, aceptas esta condici\u00f3n. \u00a0 2. Acceso y uso del servicio Una vez adquirido el acceso, recibir\u00e1s las credenciales o el enlace correspondiente para disfrutar de nuestro contenido. Es tu responsabilidad asegurarte de que tu dispositivo y conexi\u00f3n a internet sean compatibles para utilizar nuestro servicio. 3. Problemas t\u00e9cnicos \u00a0 Si experimentas alg\u00fan problema t\u00e9cnico que impida acceder al contenido, por favor contacta a info@sanghamotion.com. Nos comprometemos a ofrecer soporte y soluciones t\u00e9cnicas, pero esto no implica devoluci\u00f3n de dinero. 4. Cambios en la pol\u00edtica Nos reservamos el derecho de actualizar esta pol\u00edtica en&#8230;<\/p>","protected":false},"author":1,"featured_media":0,"parent":0,"menu_order":0,"comment_status":"closed","ping_status":"closed","template":"","meta":{"footnotes":""},"categories":[],"tags":[],"class_list":["post-792","page","type-page","status-publish","hentry"],"_links":{"self":[{"href":"https:\/\/sanghamotion.com\/es_es\/wp-json\/wp\/v2\/pages\/792","targetHints":{"allow":["GET"]}}],"collection":[{"href":"https:\/\/sanghamotion.com\/es_es\/wp-json\/wp\/v2\/pages"}],"about":[{"href":"https:\/\/sanghamotion.com\/es_es\/wp-json\/wp\/v2\/types\/page"}],"author":[{"embeddable":true,"href":"https:\/\/sanghamotion.com\/es_es\/wp-json\/wp\/v2\/users\/1"}],"replies":[{"embeddable":true,"href":"https:\/\/sanghamotion.com\/es_es\/wp-json\/wp\/v2\/comments?post=792"}],"version-history":[{"count":11,"href":"https:\/\/sanghamotion.com\/es_es\/wp-json\/wp\/v2\/pages\/792\/revisions"}],"predecessor-version":[{"id":6297,"href":"https:\/\/sanghamotion.com\/es_es\/wp-json\/wp\/v2\/pages\/792\/revisions\/6297"}],"wp:attachment":[{"href":"https:\/\/sanghamotion.com\/es_es\/wp-json\/wp\/v2\/media?parent=792"}],"wp:term":[{"taxonomy":"category","embeddable":true,"href":"https:\/\/sanghamotion.com\/es_es\/wp-json\/wp\/v2\/categories?post=792"},{"taxonomy":"post_tag","embeddable":true,"href":"https:\/\/sanghamotion.com\/es_es\/wp-json\/wp\/v2\/tags?post=792"}],"curies":[{"name":"wp","href":"https:\/\/api.w.org\/{rel}","templated":true}]}}