{"id":4566,"date":"2025-02-08T22:52:32","date_gmt":"2025-02-08T22:52:32","guid":{"rendered":"https:\/\/clara.mauvestudio.co\/?page_id=4566"},"modified":"2025-12-05T00:52:18","modified_gmt":"2025-12-05T00:52:18","slug":"privacy-policy-2","status":"publish","type":"page","link":"https:\/\/sanghamotion.com\/es_es\/privacy-policy-2\/","title":{"rendered":"Pol\u00edtica de privacidad"},"content":{"rendered":"\t\t<div data-elementor-type=\"wp-page\" data-elementor-id=\"4566\" class=\"elementor elementor-4566\" data-elementor-post-type=\"page\">\n\t\t\t\t<div class=\"elementor-element elementor-element-85c8433 e-flex e-con-boxed e-con e-parent\" data-id=\"85c8433\" data-element_type=\"container\" data-e-type=\"container\" data-settings=\"{&quot;mauve_ext_is_background_parallax&quot;:&quot;false&quot;}\">\n\t\t\t\t\t<div class=\"e-con-inner\">\n\t\t\t\t<div class=\"elementor-element elementor-element-da2a429 animated-slow elementor-widget__width-initial mauve-separator-align-right elementor-widget-tablet_extra__width-initial mauve-separator-align-right mauve-separator-align-right mauve-separator-align-center elementor-widget-mobile_extra__width-initial elementor-widget-mobile__width-initial elementor-widget elementor-widget-mauve-fancy_heading\" data-id=\"da2a429\" data-element_type=\"widget\" data-e-type=\"widget\" data-settings=\"{&quot;_animation&quot;:&quot;none&quot;,&quot;mauve_hidepaged&quot;:&quot;false&quot;}\" data-widget_type=\"mauve-fancy_heading.default\">\n\t\t\t\t<div class=\"elementor-widget-container\">\n\t\t\t\t\t\t\t<div class=\"mauve-fancy-heading mauve-heading-text-right\">\n\t\t\t<div class=\"mauve-fancy-heading-inner\">\n\t\t\t\t<h2 class=\"mauve-heading-title\">Pol\u00edtica de privacidad<\/h2>\t\t\t<\/div>\n\t\t<\/div>\n\t\t\t\t\t\t<\/div>\n\t\t\t\t<\/div>\n\t\t\t\t\t<\/div>\n\t\t\t\t<\/div>\n\t\t<div class=\"elementor-element elementor-element-78d120fc e-flex e-con-boxed e-con e-parent\" data-id=\"78d120fc\" data-element_type=\"container\" data-e-type=\"container\" data-settings=\"{&quot;mauve_ext_is_background_parallax&quot;:&quot;false&quot;}\">\n\t\t\t\t\t<div class=\"e-con-inner\">\n\t\t\t\t<div class=\"elementor-element elementor-element-4bea310d elementor-widget elementor-widget-text-editor\" data-id=\"4bea310d\" data-element_type=\"widget\" data-e-type=\"widget\" data-settings=\"{&quot;mauve_hidepaged&quot;:&quot;false&quot;}\" data-widget_type=\"text-editor.default\">\n\t\t\t\t\t\t\t\t\t<h4 class=\"wp-block-heading\">1. Quienes somos<\/h4>\n<p><!-- \/wp:heading --><!-- wp:paragraph --><\/p>\n<p>La direcci\u00f3n de nuestro sitio web es: <a href=\"https:\/\/sanghamotion.com\">https:\/\/sanghamotion.com<\/a>.<br \/>Puedes contactarnos a trav\u00e9s de nuestro correo electr\u00f3nico disponible en la web ( info@sanghamotion.com )<\/p>\n<p><!-- \/wp:paragraph --><!-- wp:spacer {\"height\":\"29px\"} --><\/p>\n<div class=\"wp-block-spacer\" style=\"height: 29px;\" aria-hidden=\"true\">\u00a0<\/div>\n<p><!-- \/wp:spacer --><!-- wp:heading {\"level\":4} --><\/p>\n<h4 class=\"wp-block-heading\">2. Comentarios<\/h4>\n<p><!-- \/wp:heading --><!-- wp:paragraph --><\/p>\n<p><!-- \/wp:paragraph --><!-- wp:paragraph --><\/p>\n<p>Cuando dejas un comentario en nuestro sitio, recopilamos la informaci\u00f3n que proporcionas en el formulario de comentarios, as\u00ed como tu direcci\u00f3n IP y el agente de usuario de tu navegador, para ayudar a la detecci\u00f3n de spam.<\/p>\n<p><!-- \/wp:paragraph --><!-- wp:paragraph --><\/p>\n<p>Si utilizas <strong>Gravatar<\/strong> para tu foto de perfil, se enviar\u00e1 un hash anonimizado de tu correo electr\u00f3nico al servicio Gravatar para comprobar tu imagen. La pol\u00edtica de privacidad de Gravatar est\u00e1 disponible <a href=\"https:\/\/automattic.com\/privacy\/\" target=\"_blank\" rel=\"noopener\">aqu\u00ed<\/a>. Tras la aprobaci\u00f3n de tu comentario, tu foto de perfil ser\u00e1 visible p\u00fablicamente junto a tu comentario.<\/p>\n<p><!-- \/wp:paragraph --><!-- wp:spacer {\"height\":\"29px\"} --><\/p>\n<div class=\"wp-block-spacer\" style=\"height: 29px;\" aria-hidden=\"true\">\u00a0<\/div>\n<p><!-- \/wp:spacer --><!-- wp:heading {\"level\":4} --><\/p>\n<h4 class=\"wp-block-heading\">3. Medios<\/h4>\n<p><!-- \/wp:heading --><!-- wp:paragraph --><\/p>\n<p>Si subes im\u00e1genes al sitio web, evita incluir datos de ubicaci\u00f3n (EXIF GPS) en ellas, ya que cualquier visitante podr\u00eda descargarlas y extraer esa informaci\u00f3n.<\/p>\n<p><!-- \/wp:paragraph --><!-- wp:spacer {\"height\":\"29px\"} --><\/p>\n<div class=\"wp-block-spacer\" style=\"height: 29px;\" aria-hidden=\"true\">\u00a0<\/div>\n<p><!-- \/wp:spacer --><!-- wp:heading {\"level\":4} --><\/p>\n<h4 class=\"wp-block-heading\">4. Cookies<\/h4>\n<p><!-- \/wp:heading --><!-- wp:paragraph --><\/p>\n<p>Utilizamos cookies para mejorar tu experiencia en nuestra web:<\/p>\n<p><!-- \/wp:paragraph --><!-- wp:paragraph --><\/p>\n<p><b>Edici\u00f3n de art\u00edculos<\/b><strong>:<\/strong> Si editas o publicas un art\u00edculo, se guardar\u00e1 una cookie adicional que indica el ID del art\u00edculo editado. Expira en un d\u00eda.<\/p>\n<p><!-- \/wp:paragraph --><!-- wp:paragraph --><\/p>\n<p><b>Comentarios:<\/b> Si dejas un comentario, puedes guardar tu nombre, correo electr\u00f3nico y sitio web en cookies, para no tener que rellenarlos de nuevo. Estas cookies duran un a\u00f1o.<\/p>\n<p><!-- \/wp:paragraph --><!-- wp:paragraph --><\/p>\n<p><b>Inicio de sesi\u00f3n<\/b><strong>:<\/strong> Si visitas la p\u00e1gina de login, se crear\u00e1 una cookie temporal para comprobar que tu navegador acepta cookies.<\/p>\n<p><!-- \/wp:paragraph --><!-- wp:paragraph --><\/p>\n<p><b>Sesi\u00f3n:<\/b> Al iniciar sesi\u00f3n, se guardar\u00e1n cookies con tus datos de acceso y preferencias de pantalla. Las cookies de sesi\u00f3n duran dos d\u00edas, las de opciones de pantalla duran un a\u00f1o y si seleccionas \u201cRecordarme\u201d, tu sesi\u00f3n persistir\u00e1 durante dos semanas.<\/p>\n<p><!-- \/wp:paragraph --><!-- wp:paragraph --><\/p>\n<p><!-- \/wp:paragraph --><!-- wp:paragraph --><\/p>\n<p><!-- \/wp:paragraph --><!-- wp:paragraph --><\/p>\n<p><!-- \/wp:paragraph --><!-- wp:spacer {\"height\":\"29px\"} --><\/p>\n<div class=\"wp-block-spacer\" style=\"height: 29px;\" aria-hidden=\"true\">\u00a0<\/div>\n<p><!-- \/wp:spacer --><!-- wp:heading {\"level\":4} --><\/p>\n<h4 class=\"wp-block-heading\">5. Contenido incrustado de otros sitios web<\/h4>\n<p><!-- \/wp:heading --><!-- wp:paragraph --><\/p>\n<p><!-- \/wp:paragraph --><!-- wp:paragraph --><\/p>\n<p>Algunos art\u00edculos pueden incluir contenido incrustado (videos, im\u00e1genes, art\u00edculos, etc.). Este contenido se comporta como si hubieras visitado el sitio externo, y dichos sitios pueden recopilar datos sobre ti, usar cookies y seguimiento adicional.<\/p>\n<p><!-- \/wp:paragraph --><!-- wp:spacer {\"height\":\"29px\"} --><\/p>\n<div class=\"wp-block-spacer\" style=\"height: 29px;\" aria-hidden=\"true\">\u00a0<\/div>\n<p><!-- \/wp:spacer --><!-- wp:heading {\"level\":4} --><\/p>\n<h4 class=\"wp-block-heading\">6. Con qui\u00e9n compartimos tus datos<\/h4>\n<p><!-- \/wp:heading --><!-- wp:paragraph --><\/p>\n<p>Si solicitas un restablecimiento de contrase\u00f1a, tu direcci\u00f3n IP se incluir\u00e1 en el correo electr\u00f3nico de recuperaci\u00f3n.<\/p>\n<p><!-- \/wp:paragraph --><!-- wp:spacer {\"height\":\"29px\"} --><\/p>\n<div class=\"wp-block-spacer\" style=\"height: 29px;\" aria-hidden=\"true\">\u00a0<\/div>\n<p><!-- \/wp:spacer --><!-- wp:heading {\"level\":4} --><\/p>\n<h4 class=\"wp-block-heading\">7. Cu\u00e1nto tiempo conservamos tus datos<\/h4>\n<p><!-- \/wp:heading --><!-- wp:paragraph --><\/p>\n<p><!-- \/wp:paragraph --><!-- wp:paragraph --><\/p>\n<p><strong>Comentarios:<\/strong> Se conservan indefinidamente para poder reconocer y aprobar autom\u00e1ticamente comentarios de seguimiento.<\/p>\n<p><!-- \/wp:paragraph --><!-- wp:paragraph --><\/p>\n<p><strong>Usuarios registrados:<\/strong> Guardamos la informaci\u00f3n proporcionada en tu perfil. Puedes ver, editar o eliminar tus datos en cualquier momento (excepto tu nombre de usuario). Los administradores del sitio pueden ver y modificar esta informaci\u00f3n.<\/p>\n<p><!-- \/wp:paragraph --><!-- wp:spacer {\"height\":\"29px\"} --><\/p>\n<div class=\"wp-block-spacer\" style=\"height: 29px;\" aria-hidden=\"true\">\u00a0<\/div>\n<p><!-- \/wp:spacer --><!-- wp:heading {\"level\":4} --><\/p>\n<h4 class=\"wp-block-heading\">8. Tus derechos<\/h4>\n<p><!-- \/wp:heading --><!-- wp:paragraph --><\/p>\n<p>Si tienes una cuenta o has dejado comentarios, puedes solicitar:<\/p>\n<p><!-- \/wp:paragraph --><!-- wp:list --><\/p>\n<ul class=\"wp-block-list\">\n<li style=\"list-style-type: none;\">\n<ul class=\"wp-block-list\"><!-- wp:list-item --><\/ul>\n<\/li>\n<\/ul>\n<p>\u00a0<\/p>\n<ul class=\"wp-block-list\">\n<li style=\"list-style-type: none;\">\n<ul class=\"wp-block-list\">\n<li>Que eliminemos tus datos personales (excepto los que debemos conservar por motivos legales, administrativos o de seguridad).<\/li>\n<\/ul>\n<\/li>\n<\/ul>\n<p><!-- \/wp:list-item --><\/p>\n<p><!-- \/wp:list --><!-- wp:list --><\/p>\n<ul class=\"wp-block-list\">\n<li style=\"list-style-type: none;\">\n<ul class=\"wp-block-list\"><!-- wp:list-item --><\/ul>\n<\/li>\n<\/ul>\n<p>\u00a0<\/p>\n<ul class=\"wp-block-list\">\n<li style=\"list-style-type: none;\">\n<ul class=\"wp-block-list\">\n<li>Recibir un archivo con los datos personales que tenemos sobre ti.<\/li>\n<\/ul>\n<\/li>\n<\/ul>\n<p><!-- \/wp:list-item --><\/p>\n<p><!-- \/wp:list --><!-- wp:paragraph --><\/p>\n<p><!-- \/wp:paragraph --><!-- wp:paragraph --><\/p>\n<p><!-- \/wp:paragraph --><!-- wp:spacer {\"height\":\"29px\"} --><\/p>\n<div class=\"wp-block-spacer\" style=\"height: 29px;\" aria-hidden=\"true\">\u00a0<\/div>\n<p><!-- \/wp:spacer --><!-- wp:heading {\"level\":4} --><\/p>\n<h4 class=\"wp-block-heading\">9. A d\u00f3nde se env\u00edan tus datos<\/h4>\n<p><!-- \/wp:heading --><!-- wp:paragraph --><\/p>\n<p>Los comentarios pueden ser revisados mediante servicios automatizados de detecci\u00f3n de spam.<\/p>\n<p><!-- \/wp:paragraph --><!-- wp:paragraph --><\/p>\n<h4>\u00a0<\/h4>\n<h4>\u00a0<\/h4>\n<h4><strong>10. Cambios en la pol\u00edtica de privacidad<\/strong><\/h4>\n<p><!-- \/wp:paragraph --><!-- wp:paragraph --><\/p>\n<p>Nos reservamos el derecho de actualizar esta pol\u00edtica en cualquier momento. Recomendamos revisarla peri\u00f3dicamente para estar al tanto de cualquier cambio.<\/p>\n<p><!-- \/wp:paragraph --><\/p>\t\t\t\t\t\t\t\t<\/div>\n\t\t\t\t\t<\/div>\n\t\t\t\t<\/div>\n\t\t\t\t<\/div>\n\t\t","protected":false},"excerpt":{"rendered":"<p>Pol\u00edtica de privacidad 1. Quienes somos La direcci\u00f3n de nuestro sitio web es: https:\/\/sanghamotion.com.Puedes contactarnos a trav\u00e9s de nuestro correo electr\u00f3nico disponible en la web ( info@sanghamotion.com ) \u00a0 2. Comentarios Cuando dejas un comentario en nuestro sitio, recopilamos la informaci\u00f3n que proporcionas en el formulario de comentarios, as\u00ed como tu direcci\u00f3n IP y el agente de usuario de tu navegador, para ayudar a la detecci\u00f3n de spam. Si utilizas Gravatar para tu foto de perfil, se enviar\u00e1 un hash anonimizado de tu correo electr\u00f3nico al servicio Gravatar para comprobar tu imagen. La pol\u00edtica de privacidad de Gravatar est\u00e1 disponible aqu\u00ed. Tras la aprobaci\u00f3n de tu comentario, tu foto de perfil ser\u00e1 visible p\u00fablicamente junto a tu comentario. \u00a0 3. Medios Si subes im\u00e1genes al sitio web, evita incluir datos de ubicaci\u00f3n (EXIF GPS) en ellas, ya que cualquier visitante podr\u00eda descargarlas y extraer esa informaci\u00f3n. \u00a0 4. Cookies Utilizamos&#8230;<\/p>","protected":false},"author":1,"featured_media":0,"parent":0,"menu_order":0,"comment_status":"closed","ping_status":"closed","template":"","meta":{"footnotes":""},"categories":[],"tags":[],"class_list":["post-4566","page","type-page","status-publish","hentry"],"_links":{"self":[{"href":"https:\/\/sanghamotion.com\/es_es\/wp-json\/wp\/v2\/pages\/4566","targetHints":{"allow":["GET"]}}],"collection":[{"href":"https:\/\/sanghamotion.com\/es_es\/wp-json\/wp\/v2\/pages"}],"about":[{"href":"https:\/\/sanghamotion.com\/es_es\/wp-json\/wp\/v2\/types\/page"}],"author":[{"embeddable":true,"href":"https:\/\/sanghamotion.com\/es_es\/wp-json\/wp\/v2\/users\/1"}],"replies":[{"embeddable":true,"href":"https:\/\/sanghamotion.com\/es_es\/wp-json\/wp\/v2\/comments?post=4566"}],"version-history":[{"count":15,"href":"https:\/\/sanghamotion.com\/es_es\/wp-json\/wp\/v2\/pages\/4566\/revisions"}],"predecessor-version":[{"id":6293,"href":"https:\/\/sanghamotion.com\/es_es\/wp-json\/wp\/v2\/pages\/4566\/revisions\/6293"}],"wp:attachment":[{"href":"https:\/\/sanghamotion.com\/es_es\/wp-json\/wp\/v2\/media?parent=4566"}],"wp:term":[{"taxonomy":"category","embeddable":true,"href":"https:\/\/sanghamotion.com\/es_es\/wp-json\/wp\/v2\/categories?post=4566"},{"taxonomy":"post_tag","embeddable":true,"href":"https:\/\/sanghamotion.com\/es_es\/wp-json\/wp\/v2\/tags?post=4566"}],"curies":[{"name":"wp","href":"https:\/\/api.w.org\/{rel}","templated":true}]}}