{"id":4536,"date":"2025-02-08T21:50:26","date_gmt":"2025-02-08T21:50:26","guid":{"rendered":"https:\/\/clara.mauvestudio.co\/?page_id=4536"},"modified":"2025-12-05T01:01:16","modified_gmt":"2025-12-05T01:01:16","slug":"terms-conditions","status":"publish","type":"page","link":"https:\/\/sanghamotion.com\/es_es\/terms-conditions\/","title":{"rendered":"T\u00e9rminos y condiciones"},"content":{"rendered":"\t\t<div data-elementor-type=\"wp-page\" data-elementor-id=\"4536\" class=\"elementor elementor-4536\" data-elementor-post-type=\"page\">\n\t\t\t\t<div class=\"elementor-element elementor-element-4ac998e e-flex e-con-boxed e-con e-parent\" data-id=\"4ac998e\" data-element_type=\"container\" data-e-type=\"container\" data-settings=\"{&quot;mauve_ext_is_background_parallax&quot;:&quot;false&quot;}\">\n\t\t\t\t\t<div class=\"e-con-inner\">\n\t\t\t\t<div class=\"elementor-element elementor-element-19f691f animated-slow elementor-widget__width-initial elementor-widget-tablet_extra__width-initial mauve-separator-align-right mauve-separator-align-right mauve-separator-align-center elementor-widget-mobile_extra__width-initial elementor-widget-mobile__width-initial mauve-separator-align-center elementor-widget elementor-widget-mauve-fancy_heading\" data-id=\"19f691f\" data-element_type=\"widget\" data-e-type=\"widget\" data-settings=\"{&quot;_animation&quot;:&quot;none&quot;,&quot;mauve_hidepaged&quot;:&quot;false&quot;}\" data-widget_type=\"mauve-fancy_heading.default\">\n\t\t\t\t<div class=\"elementor-widget-container\">\n\t\t\t\t\t\t\t<div class=\"mauve-fancy-heading mauve-heading-text-center\">\n\t\t\t<div class=\"mauve-fancy-heading-inner\">\n\t\t\t\t<h2 class=\"mauve-heading-title\">T\u00e9rminos y condiciones<\/h2>\t\t\t<\/div>\n\t\t<\/div>\n\t\t\t\t\t\t<\/div>\n\t\t\t\t<\/div>\n\t\t\t\t\t<\/div>\n\t\t\t\t<\/div>\n\t\t<div class=\"elementor-element elementor-element-111ac83f e-flex e-con-boxed e-con e-parent\" data-id=\"111ac83f\" data-element_type=\"container\" data-e-type=\"container\" data-settings=\"{&quot;mauve_ext_is_background_parallax&quot;:&quot;false&quot;}\">\n\t\t\t\t\t<div class=\"e-con-inner\">\n\t\t\t\t<div class=\"elementor-element elementor-element-1c16673b elementor-widget elementor-widget-text-editor\" data-id=\"1c16673b\" data-element_type=\"widget\" data-e-type=\"widget\" data-settings=\"{&quot;mauve_hidepaged&quot;:&quot;false&quot;}\" data-widget_type=\"text-editor.default\">\n\t\t\t\t\t\t\t\t\t<p>Al utilizar nuestro sitio web y acceder a nuestras clases online o a la biblioteca de im\u00e1genes, aceptas estos t\u00e9rminos y condiciones. Te invitamos a leerlos para disfrutar de nuestros servicios de manera segura y responsable.<\/p>\n<p><!-- \/wp:paragraph --><!-- wp:spacer {\"height\":\"27px\"} --><\/p>\n<div class=\"wp-block-spacer\" style=\"height: 27px;\" aria-hidden=\"true\">&nbsp;<\/div>\n<p><!-- \/wp:spacer --><!-- wp:heading {\"level\":4} --><\/p>\n<h4 class=\"wp-block-heading\">1. Servicios ofrecidos<\/h4>\n<p><!-- \/wp:heading --><!-- wp:paragraph --><\/p>\n<p>Sangha estudio ofrece clases online y acceso a una biblioteca de im\u00e1genes y videos relacionados con yoga, pilates y bienestar. Todos los servicios son digitales, ya sea bajo suscripci\u00f3n o pago \u00fanico, y est\u00e1n dise\u00f1ados para tu pr\u00e1ctica personal. El acceso es personal e intransferible y el contenido no puede compartirse, distribuirse ni revenderse sin autorizaci\u00f3n expresa. Es responsabilidad del usuario asegurarse de que su dispositivo y conexi\u00f3n a internet sean compatibles para acceder al contenido.<\/p>\n<p><!-- \/wp:paragraph --><!-- wp:spacer {\"height\":\"27px\"} --><\/p>\n<div class=\"wp-block-spacer\" style=\"height: 27px;\" aria-hidden=\"true\">&nbsp;<\/div>\n<p><!-- \/wp:spacer --><!-- wp:heading {\"level\":4} --><\/p>\n<h4 class=\"wp-block-heading\">2. Uso del servicio<\/h4>\n<p><!-- \/wp:heading --><!-- wp:paragraph --><\/p>\n<p>El contenido de esta plataforma est\u00e1 pensado para tu pr\u00e1ctica personal y bienestar. Al utilizar nuestras clases y materiales, aceptas hacerlo de manera responsable, respetando tus l\u00edmites f\u00edsicos y tu estado de salud. No nos hacemos responsables de da\u00f1os, lesiones o inconvenientes derivados del uso del contenido, as\u00ed como de interrupciones de internet o problemas t\u00e9cnicos que puedan afectar el acceso.<\/p>\n<p><!-- \/wp:paragraph --><!-- wp:spacer {\"height\":\"27px\"} --><\/p>\n<div class=\"wp-block-spacer\" style=\"height: 27px;\" aria-hidden=\"true\">&nbsp;<\/div>\n<p><!-- \/wp:spacer --><!-- wp:heading {\"level\":4} --><\/p>\n<h4 class=\"wp-block-heading\">3. Pagos y suscripciones<\/h4>\n<p><!-- \/wp:heading --><!-- wp:paragraph --><\/p>\n<p>Todos los pagos deben realizarse a trav\u00e9s de los m\u00e9todos disponibles en la web y deben completarse antes de acceder al contenido. Los precios indicados en el sitio pueden cambiar en el futuro, pero los pagos ya realizados no se ajustar\u00e1n retroactivamente. Al acceder al servicio, aceptas estas condiciones y comprendes que se trata de un servicio digital de acceso inmediato.<\/p>\n<p><!-- \/wp:paragraph --><!-- wp:paragraph --><\/p>\n<p><!-- \/wp:paragraph --><!-- wp:paragraph --><\/p>\n<p><!-- \/wp:paragraph --><!-- wp:paragraph --><\/p>\n<p><!-- \/wp:paragraph --><!-- wp:paragraph --><\/p>\n<p><!-- \/wp:paragraph --><!-- wp:spacer {\"height\":\"27px\"} --><\/p>\n<div class=\"wp-block-spacer\" style=\"height: 27px;\" aria-hidden=\"true\">&nbsp;<\/div>\n<p><!-- \/wp:spacer --><!-- wp:heading {\"level\":4} --><\/p>\n<h4 class=\"wp-block-heading\">4. Pol\u00edtica de reembolso<\/h4>\n<p><!-- \/wp:heading --><!-- wp:paragraph --><\/p>\n<p>Dado que nuestros servicios son digitales, <strong>no se ofrecen reembolsos ni devoluciones<\/strong>. Una vez adquirido el acceso, el usuario acepta que no podr\u00e1 solicitar devoluci\u00f3n de dinero. En caso de problemas t\u00e9cnicos que impidan acceder al contenido, puedes contactarnos para recibir soporte y soluciones t\u00e9cnicas, pero esto no implicar\u00e1 la devoluci\u00f3n del pago.<\/p>\n<p><!-- \/wp:paragraph --><!-- wp:paragraph --><\/p>\n<p><!-- \/wp:paragraph --><!-- wp:paragraph --><\/p>\n<p><!-- \/wp:paragraph --><!-- wp:spacer {\"height\":\"27px\"} --><\/p>\n<div class=\"wp-block-spacer\" style=\"height: 27px;\" aria-hidden=\"true\">&nbsp;<\/div>\n<p><!-- \/wp:spacer --><!-- wp:heading {\"level\":4} --><\/p>\n<h4 class=\"wp-block-heading\">5. Propiedad intelectual<\/h4>\n<p><!-- \/wp:heading --><!-- wp:paragraph --><\/p>\n<p>Todo el contenido, incluyendo im\u00e1genes, videos, textos y materiales, es propiedad de Move with Neus o de sus licenciantes. Est\u00e1 prohibida cualquier reproducci\u00f3n, copia, distribuci\u00f3n o uso comercial sin autorizaci\u00f3n expresa. El material est\u00e1 destinado \u00fanicamente a uso personal y no comercial.<\/p>\n<p><!-- \/wp:paragraph --><!-- wp:paragraph --><\/p>\n<p><!-- \/wp:paragraph --><!-- wp:spacer {\"height\":\"27px\"} --><\/p>\n<div class=\"wp-block-spacer\" style=\"height: 27px;\" aria-hidden=\"true\">&nbsp;<\/div>\n<p><!-- \/wp:spacer --><!-- wp:heading {\"level\":4} --><\/p>\n<h4 class=\"wp-block-heading\">6. Modificaciones<\/h4>\n<p><!-- \/wp:heading --><!-- wp:paragraph --><\/p>\n<p>Sangha motion estudio online se reserva el derecho de actualizar estos t\u00e9rminos en cualquier momento. Recomendamos revisar esta p\u00e1gina peri\u00f3dicamente para conocer las condiciones vigentes. Al continuar utilizando nuestro sitio y servicios, aceptas los t\u00e9rminos actualizados.<\/p>\n<p><!-- \/wp:paragraph --><!-- wp:paragraph --><\/p>\n<p>To the maximum extent permitted by applicable law, in no event shall the Company or its suppliers be liable for any special, incidental, indirect, or consequential damages whatsoever (including, but not limited to, damages for loss of profits, loss of data or other information, for business interruption, for personal injury, loss of privacy arising out of or in any way related to the use of or inability to use the Service, third-party software and\/or third-party hardware used with the Service, or otherwise in connection with any provision of this Terms), even if the Company or any supplier has been advised of the possibility of such damages and even if the remedy fails of its essential purpose.<\/p>\n<p><!-- \/wp:paragraph --><!-- wp:paragraph --><\/p>\n<p>Some states do not allow the exclusion of implied warranties or limitation of liability for incidental or consequential damages, which means that some of the above limitations may not apply. In these states, each party&#8217;s liability will be limited to the greatest extent permitted by law.<\/p>\n<p><!-- \/wp:paragraph --><!-- wp:spacer {\"height\":\"27px\"} --><\/p>\n<div class=\"wp-block-spacer\" style=\"height: 27px;\" aria-hidden=\"true\">&nbsp;<\/div>\n<p><!-- \/wp:spacer --><!-- wp:heading {\"level\":4} --><\/p>\n<h4 class=\"wp-block-heading\"><span style=\"background-color: transparent; font-family: Poppins, sans-serif; font-size: 17px;\">&nbsp;<\/span><span style=\"background-color: transparent; font-family: Poppins, sans-serif; font-size: 17px;\">&nbsp;<\/span><\/h4>\n<p><!-- \/wp:spacer --><!-- wp:heading {\"level\":4} --><\/p>\n<h4 class=\"wp-block-heading\"><span style=\"background-color: transparent;\"><br><\/span><\/h4><h4 class=\"wp-block-heading\"><span style=\"background-color: transparent;\"><br><\/span><\/h4><h4 class=\"wp-block-heading\"><span style=\"background-color: transparent;\">Contacta con nosotros<\/span><\/h4><h4 class=\"wp-block-heading\"><br><\/h4><h4 class=\"wp-block-heading\"><font face=\"Poppins, sans-serif\"><span style=\"font-size: 17px;\">Si tienes cualquier duda puedes contactar al email:<b> info@sanghamotion.com<\/b><\/span><\/font><\/h4>\n<p><!-- \/wp:list-item --><\/p>\n<p><!-- \/wp:list --><\/p>\t\t\t\t\t\t\t\t<\/div>\n\t\t\t\t\t<\/div>\n\t\t\t\t<\/div>\n\t\t\t\t<\/div>\n\t\t","protected":false},"excerpt":{"rendered":"<p>T\u00e9rminos y condiciones Al utilizar nuestro sitio web y acceder a nuestras clases online o a la biblioteca de im\u00e1genes, aceptas estos t\u00e9rminos y condiciones. Te invitamos a leerlos para disfrutar de nuestros servicios de manera segura y responsable. &nbsp; 1. Servicios ofrecidos Sangha estudio ofrece clases online y acceso a una biblioteca de im\u00e1genes y videos relacionados con yoga, pilates y bienestar. Todos los servicios son digitales, ya sea bajo suscripci\u00f3n o pago \u00fanico, y est\u00e1n dise\u00f1ados para tu pr\u00e1ctica personal. El acceso es personal e intransferible y el contenido no puede compartirse, distribuirse ni revenderse sin autorizaci\u00f3n expresa. Es responsabilidad del usuario asegurarse de que su dispositivo y conexi\u00f3n a internet sean compatibles para acceder al contenido. &nbsp; 2. Uso del servicio El contenido de esta plataforma est\u00e1 pensado para tu pr\u00e1ctica personal y bienestar. Al utilizar nuestras clases y materiales, aceptas hacerlo de manera responsable, respetando tus&#8230;<\/p>","protected":false},"author":1,"featured_media":0,"parent":0,"menu_order":0,"comment_status":"closed","ping_status":"closed","template":"","meta":{"footnotes":""},"categories":[],"tags":[],"class_list":["post-4536","page","type-page","status-publish","hentry"],"_links":{"self":[{"href":"https:\/\/sanghamotion.com\/es_es\/wp-json\/wp\/v2\/pages\/4536","targetHints":{"allow":["GET"]}}],"collection":[{"href":"https:\/\/sanghamotion.com\/es_es\/wp-json\/wp\/v2\/pages"}],"about":[{"href":"https:\/\/sanghamotion.com\/es_es\/wp-json\/wp\/v2\/types\/page"}],"author":[{"embeddable":true,"href":"https:\/\/sanghamotion.com\/es_es\/wp-json\/wp\/v2\/users\/1"}],"replies":[{"embeddable":true,"href":"https:\/\/sanghamotion.com\/es_es\/wp-json\/wp\/v2\/comments?post=4536"}],"version-history":[{"count":8,"href":"https:\/\/sanghamotion.com\/es_es\/wp-json\/wp\/v2\/pages\/4536\/revisions"}],"predecessor-version":[{"id":6299,"href":"https:\/\/sanghamotion.com\/es_es\/wp-json\/wp\/v2\/pages\/4536\/revisions\/6299"}],"wp:attachment":[{"href":"https:\/\/sanghamotion.com\/es_es\/wp-json\/wp\/v2\/media?parent=4536"}],"wp:term":[{"taxonomy":"category","embeddable":true,"href":"https:\/\/sanghamotion.com\/es_es\/wp-json\/wp\/v2\/categories?post=4536"},{"taxonomy":"post_tag","embeddable":true,"href":"https:\/\/sanghamotion.com\/es_es\/wp-json\/wp\/v2\/tags?post=4536"}],"curies":[{"name":"wp","href":"https:\/\/api.w.org\/{rel}","templated":true}]}}