{"id":1233,"date":"2024-02-28T22:51:21","date_gmt":"2024-02-28T22:51:21","guid":{"rendered":"https:\/\/clara.mauvestudio.co\/?page_id=1233"},"modified":"2026-04-04T08:25:48","modified_gmt":"2026-04-04T08:25:48","slug":"about","status":"publish","type":"page","link":"https:\/\/sanghamotion.com\/es_es\/about\/","title":{"rendered":"About"},"content":{"rendered":"\t\t<div data-elementor-type=\"wp-page\" data-elementor-id=\"1233\" class=\"elementor elementor-1233\" data-elementor-post-type=\"page\">\n\t\t\t\t<div class=\"elementor-element elementor-element-5fb6df6 e-flex e-con-boxed e-con e-parent\" data-id=\"5fb6df6\" data-element_type=\"container\" data-e-type=\"container\" data-settings=\"{&quot;background_background&quot;:&quot;classic&quot;,&quot;mauve_ext_is_background_parallax&quot;:&quot;false&quot;}\">\n\t\t\t\t\t<div class=\"e-con-inner\">\n\t\t<div class=\"elementor-element elementor-element-7eba8b7 e-con-full e-flex e-con e-child\" data-id=\"7eba8b7\" data-element_type=\"container\" data-e-type=\"container\" data-settings=\"{&quot;mauve_ext_is_background_parallax&quot;:&quot;false&quot;}\">\n\t\t\t\t<div class=\"elementor-element elementor-element-ca3092c mauve-separator-align-left elementor-widget elementor-widget-mauve-fancy_heading\" data-id=\"ca3092c\" data-element_type=\"widget\" data-e-type=\"widget\" data-settings=\"{&quot;mauve_hidepaged&quot;:&quot;false&quot;}\" data-widget_type=\"mauve-fancy_heading.default\">\n\t\t\t\t<div class=\"elementor-widget-container\">\n\t\t\t\t\t\t\t<div class=\"mauve-fancy-heading mauve-heading-text-left\">\n\t\t\t<div class=\"mauve-fancy-heading-inner\">\n\t\t\t\t<div class=\"mauve-heading-subtitle\">PROFESORA DE YOGA Y PILATES<\/div><h1 class=\"mauve-heading-title\">neus alcaraz<\/h1>\t\t\t<\/div>\n\t\t<\/div>\n\t\t\t\t\t\t<\/div>\n\t\t\t\t<\/div>\n\t\t\t\t<div class=\"elementor-element elementor-element-c5a7f7d elementor-widget elementor-widget-heading\" data-id=\"c5a7f7d\" data-element_type=\"widget\" data-e-type=\"widget\" data-settings=\"{&quot;mauve_hidepaged&quot;:&quot;false&quot;}\" data-widget_type=\"heading.default\">\n\t\t\t\t\t<div class=\"elementor-heading-title elementor-size-default\">Aprendiendo contigo y celebrando cada paso del proceso<\/div>\t\t\t\t<\/div>\n\t\t\t\t<div class=\"elementor-element elementor-element-3976236 elementor-widget elementor-widget-text-editor\" data-id=\"3976236\" data-element_type=\"widget\" data-e-type=\"widget\" data-settings=\"{&quot;mauve_hidepaged&quot;:&quot;false&quot;}\" data-widget_type=\"text-editor.default\">\n\t\t\t\t\t\t\t\t\t<p>\u00a1Hola! Soy Neus Alcaraz y os quiero dar la bienvenida a mi proyecto.<\/p><p>El yoga<span style=\"background-color: transparent;\">\u00a0lleg\u00f3 a mi vida como una manera de reconectar conmigo misma, de escuchar y habitar mi cuerpo desde un lugar m\u00e1s amable y real. Con el tiempo, esa pr\u00e1ctica se transform\u00f3 en un camino de autoconocimiento que sigo recorriendo cada d\u00eda \u2014 dentro y fuera del mat.<\/span><\/p><p>Mi trabajo hoy es acompa\u00f1ar a otras personas a redescubrir su cuerpo, su fuerza y su calma. Creo en un movimiento que no busca la perfecci\u00f3n, sino la presencia; que se adapta, que escucha y que libera. Cada sesi\u00f3n es una invitaci\u00f3n a moverte con conciencia, a cuidarte y a encontrar placer en el proceso.<\/p><p><span style=\"background-color: transparent;\">Desde Sangha incorporo otras t\u00e9cnicas como el pilates, la fuerza y la movilidad que me hacen ofrecer una pr\u00e1ctica integral y org\u00e1nica, enriqueciendo la conciencia corporal y la alineaci\u00f3n.<\/span><\/p>\t\t\t\t\t\t\t\t<\/div>\n\t\t\t\t<\/div>\n\t\t<div class=\"elementor-element elementor-element-6c58779 e-con-full e-flex e-con e-child\" data-id=\"6c58779\" data-element_type=\"container\" data-e-type=\"container\" data-settings=\"{&quot;mauve_ext_is_background_parallax&quot;:&quot;false&quot;}\">\n\t\t\t\t<div class=\"elementor-element elementor-element-849e53f elementor-widget elementor-widget-image\" data-id=\"849e53f\" data-element_type=\"widget\" data-e-type=\"widget\" data-settings=\"{&quot;mauve_hidepaged&quot;:&quot;false&quot;}\" data-widget_type=\"image.default\">\n\t\t\t\t\t\t\t\t\t\t\t\t\t\t\t<img fetchpriority=\"high\" decoding=\"async\" width=\"782\" height=\"1106\" src=\"https:\/\/sanghamotion.com\/wp-content\/uploads\/2025\/10\/neus-alcaraz.png-782x1106.png\" class=\"attachment-ms-782 size-ms-782 wp-image-5092\" alt=\"\" srcset=\"https:\/\/sanghamotion.com\/wp-content\/uploads\/2025\/10\/neus-alcaraz.png-782x1106.png 782w, https:\/\/sanghamotion.com\/wp-content\/uploads\/2025\/10\/neus-alcaraz.png-576x815.png 576w, https:\/\/sanghamotion.com\/wp-content\/uploads\/2025\/10\/neus-alcaraz.png-1200x1697.png 1200w, https:\/\/sanghamotion.com\/wp-content\/uploads\/2025\/10\/neus-alcaraz.png-1086x1536.png 1086w, https:\/\/sanghamotion.com\/wp-content\/uploads\/2025\/10\/neus-alcaraz.png-600x849.png 600w, https:\/\/sanghamotion.com\/wp-content\/uploads\/2025\/10\/neus-alcaraz.png.png 1414w\" sizes=\"(max-width: 782px) 100vw, 782px\" \/>\t\t\t\t\t\t\t\t\t\t\t\t\t\t\t<\/div>\n\t\t\t\t<div class=\"elementor-element elementor-element-f15d4f3 elementor-widget elementor-widget-text-editor\" data-id=\"f15d4f3\" data-element_type=\"widget\" data-e-type=\"widget\" data-settings=\"{&quot;mauve_hidepaged&quot;:&quot;false&quot;}\" data-widget_type=\"text-editor.default\">\n\t\t\t\t\t\t\t\t\t<p>Amo compartir esta pr\u00e1ctica porque s\u00e9 lo que puede transformar: el cuerpo se fortalece, la mente se calma y aparece algo m\u00e1s profundo, una sensaci\u00f3n de volver a casa<\/p>\t\t\t\t\t\t\t\t<\/div>\n\t\t\t\t<\/div>\n\t\t\t\t\t<\/div>\n\t\t\t\t<\/div>\n\t\t<div class=\"elementor-element elementor-element-f0cda4c e-grid e-con-boxed e-con e-parent\" data-id=\"f0cda4c\" data-element_type=\"container\" data-e-type=\"container\" data-settings=\"{&quot;background_background&quot;:&quot;classic&quot;,&quot;mauve_ext_is_background_parallax&quot;:&quot;false&quot;}\">\n\t\t\t\t\t<div class=\"e-con-inner\">\n\t\t\t\t\t<\/div>\n\t\t\t\t<\/div>\n\t\t<div class=\"elementor-element elementor-element-9a1b2f8 e-flex e-con-boxed e-con e-parent\" data-id=\"9a1b2f8\" data-element_type=\"container\" data-e-type=\"container\" data-settings=\"{&quot;mauve_ext_is_background_parallax&quot;:&quot;false&quot;}\">\n\t\t\t\t\t<div class=\"e-con-inner\">\n\t\t<div class=\"elementor-element elementor-element-606bf24 e-con-full e-flex e-con e-child\" data-id=\"606bf24\" data-element_type=\"container\" data-e-type=\"container\" data-settings=\"{&quot;mauve_ext_is_background_parallax&quot;:&quot;false&quot;}\">\n\t\t\t\t<div class=\"elementor-element elementor-element-545b413 elementor-widget elementor-widget-heading\" data-id=\"545b413\" data-element_type=\"widget\" data-e-type=\"widget\" data-settings=\"{&quot;mauve_hidepaged&quot;:&quot;false&quot;}\" data-widget_type=\"heading.default\">\n\t\t\t\t\t<div class=\"elementor-heading-title elementor-size-default\">El sentido de <i>sangha<\/i><\/div>\t\t\t\t<\/div>\n\t\t\t\t<div class=\"elementor-element elementor-element-d8f7d93 elementor-widget elementor-widget-text-editor\" data-id=\"d8f7d93\" data-element_type=\"widget\" data-e-type=\"widget\" data-settings=\"{&quot;mauve_hidepaged&quot;:&quot;false&quot;}\" data-widget_type=\"text-editor.default\">\n\t\t\t\t\t\t\t\t\t<p class=\"body\" dir=\"auto\">\u201cSangha\u201d es una palabra de origen s\u00e1nscrito que significa comunidad o tribu espiritual. En la tradici\u00f3n del yoga, se refiere a un grupo de personas que se re\u00fane para practicar, aprender y crecer juntas, en un entorno de amistad, comprensi\u00f3n y respeto mutuo.<\/p><p class=\"body\" dir=\"auto\">Creo firmemente en el poder de compartir. En mis viajes descubr\u00ed que lo m\u00e1s bonito no es solo el destino, sino las personas con las que lo recorres. Por eso naci\u00f3 este proyecto, un espacio para vivir la pr\u00e1ctica en comunidad. Para crecer juntos, acompa\u00f1arnos, y disfrutar el camino.<\/p><p class=\"body\" dir=\"auto\">Aqu\u00ed encontrar\u00e1s un espacio seguro y de apoyo, donde cada persona puede profundizar en su pr\u00e1ctica f\u00edsica y espiritual, y as\u00ed avanzar hacia su presencia personal. Esta comunidad nace de la convicci\u00f3n de que la transformaci\u00f3n interior se vuelve m\u00e1s significativa cuando se vive en conexi\u00f3n con otros.<\/p><p class=\"body-large\" dir=\"auto\">Quiero darte la bienvenida a este este espacio de encuentro, presencia y movimiento.<\/p>\t\t\t\t\t\t\t\t<\/div>\n\t\t\t\t<\/div>\n\t\t\t\t\t<\/div>\n\t\t\t\t<\/div>\n\t\t<div class=\"elementor-element elementor-element-7949059 e-flex e-con-boxed e-con e-parent\" data-id=\"7949059\" data-element_type=\"container\" data-e-type=\"container\" data-settings=\"{&quot;mauve_ext_is_background_parallax&quot;:&quot;false&quot;}\">\n\t\t\t\t\t<div class=\"e-con-inner\">\n\t\t\t\t<div class=\"elementor-element elementor-element-cdf69eb elementor-widget-tablet_extra__width-initial elementor-widget elementor-widget-text-editor\" data-id=\"cdf69eb\" data-element_type=\"widget\" data-e-type=\"widget\" data-settings=\"{&quot;mauve_hidepaged&quot;:&quot;false&quot;}\" data-widget_type=\"text-editor.default\">\n\t\t\t\t\t\t\t\t\t<p><strong>te invito a compartirlo conmigo<\/strong><\/p>\t\t\t\t\t\t\t\t<\/div>\n\t\t\t\t\t<\/div>\n\t\t\t\t<\/div>\n\t\t\t\t<\/div>\n\t\t","protected":false},"excerpt":{"rendered":"<p>PROFESORA DE YOGA Y PILATES neus alcaraz Aprendiendo contigo y celebrando cada paso del proceso \u00a1Hola! Soy Neus Alcaraz y os quiero dar la bienvenida a mi proyecto. El yoga\u00a0lleg\u00f3 a mi vida como una manera de reconectar conmigo misma, de escuchar y habitar mi cuerpo desde un lugar m\u00e1s amable y real. Con el tiempo, esa pr\u00e1ctica se transform\u00f3 en un camino de autoconocimiento que sigo recorriendo cada d\u00eda \u2014 dentro y fuera del mat. Mi trabajo hoy es acompa\u00f1ar a otras personas a redescubrir su cuerpo, su fuerza y su calma. Creo en un movimiento que no busca la perfecci\u00f3n, sino la presencia; que se adapta, que escucha y que libera. Cada sesi\u00f3n es una invitaci\u00f3n a moverte con conciencia, a cuidarte y a encontrar placer en el proceso. Desde Sangha incorporo otras t\u00e9cnicas como el pilates, la fuerza y la movilidad que me hacen ofrecer una pr\u00e1ctica&#8230;<\/p>","protected":false},"author":1,"featured_media":0,"parent":0,"menu_order":0,"comment_status":"closed","ping_status":"closed","template":"","meta":{"footnotes":""},"categories":[],"tags":[],"class_list":["post-1233","page","type-page","status-publish","hentry"],"_links":{"self":[{"href":"https:\/\/sanghamotion.com\/es_es\/wp-json\/wp\/v2\/pages\/1233","targetHints":{"allow":["GET"]}}],"collection":[{"href":"https:\/\/sanghamotion.com\/es_es\/wp-json\/wp\/v2\/pages"}],"about":[{"href":"https:\/\/sanghamotion.com\/es_es\/wp-json\/wp\/v2\/types\/page"}],"author":[{"embeddable":true,"href":"https:\/\/sanghamotion.com\/es_es\/wp-json\/wp\/v2\/users\/1"}],"replies":[{"embeddable":true,"href":"https:\/\/sanghamotion.com\/es_es\/wp-json\/wp\/v2\/comments?post=1233"}],"version-history":[{"count":55,"href":"https:\/\/sanghamotion.com\/es_es\/wp-json\/wp\/v2\/pages\/1233\/revisions"}],"predecessor-version":[{"id":7434,"href":"https:\/\/sanghamotion.com\/es_es\/wp-json\/wp\/v2\/pages\/1233\/revisions\/7434"}],"wp:attachment":[{"href":"https:\/\/sanghamotion.com\/es_es\/wp-json\/wp\/v2\/media?parent=1233"}],"wp:term":[{"taxonomy":"category","embeddable":true,"href":"https:\/\/sanghamotion.com\/es_es\/wp-json\/wp\/v2\/categories?post=1233"},{"taxonomy":"post_tag","embeddable":true,"href":"https:\/\/sanghamotion.com\/es_es\/wp-json\/wp\/v2\/tags?post=1233"}],"curies":[{"name":"wp","href":"https:\/\/api.w.org\/{rel}","templated":true}]}}